{"id":196,"date":"2021-12-25T17:13:38","date_gmt":"2021-12-25T16:13:38","guid":{"rendered":"https:\/\/www.patso.fr\/?page_id=196"},"modified":"2025-11-12T13:21:14","modified_gmt":"2025-11-12T12:21:14","slug":"courts-metrages","status":"publish","type":"page","link":"http:\/\/www.patso.fr\/en\/courts-metrages\/","title":{"rendered":"Short films"},"content":{"rendered":"<div class=\"wp-block-columns is-layout-flex wp-container-core-columns-is-layout-28f84493 wp-block-columns-is-layout-flex\"><\/div>\n\n\n\n<div class=\"wp-block-columns is-layout-flex wp-container-core-columns-is-layout-28f84493 wp-block-columns-is-layout-flex\">\n<div class=\"wp-block-column is-layout-flow wp-block-column-is-layout-flow\" style=\"flex-basis:33.33%\">\n<figure class=\"wp-block-image size-full\"><a href=\"https:\/\/xbofilms.com\/un-caillou-dans-la-chaussure\/\" target=\"_blank\" rel=\"noopener\"><img loading=\"lazy\" decoding=\"async\" width=\"400\" height=\"225\" src=\"https:\/\/www.patso.fr\/wp-content\/uploads\/2021\/12\/un-caillou-dans-la-chaussure2.jpg\" alt=\"\" class=\"wp-image-199\" srcset=\"https:\/\/www.patso.fr\/wp-content\/uploads\/2021\/12\/un-caillou-dans-la-chaussure2.jpg 400w, https:\/\/www.patso.fr\/wp-content\/uploads\/2021\/12\/un-caillou-dans-la-chaussure2-300x169.jpg 300w, https:\/\/www.patso.fr\/wp-content\/uploads\/2021\/12\/un-caillou-dans-la-chaussure2-18x10.jpg 18w\" sizes=\"auto, (max-width: 400px) 100vw, 400px\" \/><\/a><\/figure>\n<\/div>\n\n\n\n<div class=\"wp-block-column is-layout-flow wp-block-column-is-layout-flow\" style=\"flex-basis:66.66%\">\n<p><strong>A stone in the shoe <\/strong><br>2019\/2020<br><mark style=\"background-color:rgba(0, 0, 0, 0)\" class=\"has-inline-color has-ast-global-color-5-color\">animator ( puppets )<\/mark><br>director: Eric Montchaud<br>producer : Xbo Films<\/p>\n\n\n\n<p><\/p>\n<\/div>\n<\/div>\n\n\n\n<div class=\"wp-block-columns is-layout-flex wp-container-core-columns-is-layout-28f84493 wp-block-columns-is-layout-flex\">\n<div class=\"wp-block-column is-layout-flow wp-block-column-is-layout-flow\" style=\"flex-basis:33.33%\">\n<figure class=\"wp-block-image size-full\"><a href=\"https:\/\/xbofilms.com\/la-boite\/\" target=\"_blank\" rel=\"noopener\"><img loading=\"lazy\" decoding=\"async\" width=\"640\" height=\"360\" src=\"https:\/\/www.patso.fr\/wp-content\/uploads\/2021\/12\/laboite.png\" alt=\"\" class=\"wp-image-200\" srcset=\"https:\/\/www.patso.fr\/wp-content\/uploads\/2021\/12\/laboite.png 640w, https:\/\/www.patso.fr\/wp-content\/uploads\/2021\/12\/laboite-300x169.png 300w, https:\/\/www.patso.fr\/wp-content\/uploads\/2021\/12\/laboite-18x10.png 18w\" sizes=\"auto, (max-width: 640px) 100vw, 640px\" \/><\/a><\/figure>\n<\/div>\n\n\n\n<div class=\"wp-block-column is-layout-flow wp-block-column-is-layout-flow\" style=\"flex-basis:66.66%\">\n<p><strong>The box<\/strong><br>2018<br><mark style=\"background-color:rgba(0, 0, 0, 0)\" class=\"has-inline-color has-ast-global-color-5-color\">animator ( cut out )<\/mark><br>director: Marie Pierre Hauwelle<br>producer : Xbo Films<\/p>\n\n\n\n<p><\/p>\n<\/div>\n<\/div>\n\n\n\n<div class=\"wp-block-columns is-layout-flex wp-container-core-columns-is-layout-28f84493 wp-block-columns-is-layout-flex\">\n<div class=\"wp-block-column is-layout-flow wp-block-column-is-layout-flow\" style=\"flex-basis:33.33%\">\n<figure class=\"wp-block-image size-full\"><a href=\"https:\/\/xbofilms.com\/bolero-paprika\/\" target=\"_blank\" rel=\"noopener\"><img loading=\"lazy\" decoding=\"async\" width=\"1023\" height=\"575\" src=\"https:\/\/www.patso.fr\/wp-content\/uploads\/2023\/09\/bolero-paprika-edited.jpg\" alt=\"\" class=\"wp-image-483\" srcset=\"https:\/\/www.patso.fr\/wp-content\/uploads\/2023\/09\/bolero-paprika-edited.jpg 1023w, https:\/\/www.patso.fr\/wp-content\/uploads\/2023\/09\/bolero-paprika-edited-300x169.jpg 300w, https:\/\/www.patso.fr\/wp-content\/uploads\/2023\/09\/bolero-paprika-edited-768x432.jpg 768w, https:\/\/www.patso.fr\/wp-content\/uploads\/2023\/09\/bolero-paprika-edited-18x10.jpg 18w\" sizes=\"auto, (max-width: 1023px) 100vw, 1023px\" \/><\/a><\/figure>\n<\/div>\n\n\n\n<div class=\"wp-block-column is-layout-flow wp-block-column-is-layout-flow\" style=\"flex-basis:66.66%\">\n<p><strong>Bolero Paprika<\/strong><br>2016<br><mark style=\"background-color:rgba(0, 0, 0, 0)\" class=\"has-inline-color has-ast-global-color-5-color\">animator ( puppets  and sand )<\/mark><br>director: Marc M\u00e9nager<br>producer : Xbo Films<\/p>\n\n\n\n<p><\/p>\n\n\n\n<p><\/p>\n<\/div>\n<\/div>\n\n\n\n<div class=\"wp-block-columns is-layout-flex wp-container-core-columns-is-layout-28f84493 wp-block-columns-is-layout-flex\">\n<div class=\"wp-block-column is-layout-flow wp-block-column-is-layout-flow\">\n<p><\/p>\n<\/div>\n<\/div>\n\n\n\n<div class=\"wp-block-columns is-layout-flex wp-container-core-columns-is-layout-28f84493 wp-block-columns-is-layout-flex\">\n<div class=\"wp-block-column is-layout-flow wp-block-column-is-layout-flow\" style=\"flex-basis:33.33%\">\n<figure class=\"wp-block-image size-full\"><a href=\"https:\/\/xbofilms.com\/iahmes-et-la-grande-devoreuse\/\" target=\"_blank\" rel=\"noopener\"><img loading=\"lazy\" decoding=\"async\" width=\"680\" height=\"284\" src=\"https:\/\/www.patso.fr\/wp-content\/uploads\/2021\/12\/iahmes.jpg\" alt=\"\" class=\"wp-image-202\" srcset=\"https:\/\/www.patso.fr\/wp-content\/uploads\/2021\/12\/iahmes.jpg 680w, https:\/\/www.patso.fr\/wp-content\/uploads\/2021\/12\/iahmes-300x125.jpg 300w, https:\/\/www.patso.fr\/wp-content\/uploads\/2021\/12\/iahmes-18x8.jpg 18w\" sizes=\"auto, (max-width: 680px) 100vw, 680px\" \/><\/a><\/figure>\n<\/div>\n\n\n\n<div class=\"wp-block-column is-layout-flow wp-block-column-is-layout-flow\" style=\"flex-basis:66.66%\">\n<p><strong>Iahmes et la grande d\u00e9voreuse<\/strong><br>2015<br><mark style=\"background-color:rgba(0, 0, 0, 0)\" class=\"has-inline-color has-ast-global-color-5-color\">animator ( cut out )<\/mark><br>directors : Claire Sichez, Marine Rivoal<br>producer : Xbo Films<\/p>\n\n\n\n<p><\/p>\n<\/div>\n<\/div>\n\n\n\n<div class=\"wp-block-columns is-layout-flex wp-container-core-columns-is-layout-28f84493 wp-block-columns-is-layout-flex\">\n<div class=\"wp-block-column is-vertically-aligned-center is-layout-flow wp-block-column-is-layout-flow\">\n<p><\/p>\n<\/div>\n<\/div>\n\n\n\n<div class=\"wp-block-columns is-layout-flex wp-container-core-columns-is-layout-28f84493 wp-block-columns-is-layout-flex\">\n<div class=\"wp-block-column is-layout-flow wp-block-column-is-layout-flow\" style=\"flex-basis:33.33%\">\n<figure class=\"wp-block-image size-full\"><a href=\"https:\/\/xbofilms.com\/lettres-de-femmes\/\" target=\"_blank\" rel=\"noopener\"><img loading=\"lazy\" decoding=\"async\" width=\"1023\" height=\"578\" src=\"https:\/\/www.patso.fr\/wp-content\/uploads\/2021\/12\/ldf.jpg\" alt=\"\" class=\"wp-image-146\" srcset=\"https:\/\/www.patso.fr\/wp-content\/uploads\/2021\/12\/ldf.jpg 1023w, https:\/\/www.patso.fr\/wp-content\/uploads\/2021\/12\/ldf-300x170.jpg 300w, https:\/\/www.patso.fr\/wp-content\/uploads\/2021\/12\/ldf-768x434.jpg 768w, https:\/\/www.patso.fr\/wp-content\/uploads\/2021\/12\/ldf-18x10.jpg 18w\" sizes=\"auto, (max-width: 1023px) 100vw, 1023px\" \/><\/a><\/figure>\n<\/div>\n\n\n\n<div class=\"wp-block-column is-layout-flow wp-block-column-is-layout-flow\" style=\"flex-basis:66.66%\">\n<p><strong>Women's letters<\/strong><br>2012<br><mark style=\"background-color:rgba(0, 0, 0, 0)\" class=\"has-inline-color has-ast-global-color-5-color\">animator ( puppets )<\/mark><br>director: Augusto Zanavello<br>producer : Xbo Films<\/p>\n\n\n\n<p><\/p>\n<\/div>\n<\/div>\n\n\n\n<div class=\"wp-block-columns is-layout-flex wp-container-core-columns-is-layout-28f84493 wp-block-columns-is-layout-flex\">\n<div class=\"wp-block-column is-layout-flow wp-block-column-is-layout-flow\" style=\"flex-basis:33.33%\">\n<figure class=\"wp-block-image size-full\"><a href=\"https:\/\/jplfilms.com\/?portfolio=tempete-dans-une-chambre-a-coucher\" target=\"_blank\" rel=\"noopener\"><img loading=\"lazy\" decoding=\"async\" width=\"694\" height=\"391\" src=\"https:\/\/www.patso.fr\/wp-content\/uploads\/2021\/12\/tempe\u0302te.png\" alt=\"\" class=\"wp-image-152\" srcset=\"https:\/\/www.patso.fr\/wp-content\/uploads\/2021\/12\/tempe\u0302te.png 694w, https:\/\/www.patso.fr\/wp-content\/uploads\/2021\/12\/tempe\u0302te-300x169.png 300w, https:\/\/www.patso.fr\/wp-content\/uploads\/2021\/12\/tempe\u0302te-18x10.png 18w\" sizes=\"auto, (max-width: 694px) 100vw, 694px\" \/><\/a><\/figure>\n<\/div>\n\n\n\n<div class=\"wp-block-column is-layout-flow wp-block-column-is-layout-flow\" style=\"flex-basis:66.66%\">\n<p><strong>Tempest in a bedroom<\/strong><br>2011<br><mark style=\"background-color:rgba(0, 0, 0, 0)\" class=\"has-inline-color has-ast-global-color-5-color\">animator ( puppets )<br><\/mark>directors: Juliette Marchand, Laurence Arcadias<br>producers : Amorce Films, Les 3 ours, JPL<\/p>\n\n\n\n<p><\/p>\n<\/div>\n<\/div>\n\n\n\n<div class=\"wp-block-columns is-layout-flex wp-container-core-columns-is-layout-28f84493 wp-block-columns-is-layout-flex\">\n<div class=\"wp-block-column is-layout-flow wp-block-column-is-layout-flow\" style=\"flex-basis:33.33%\">\n<figure class=\"wp-block-image size-full\"><a href=\"https:\/\/www.patso.fr\/en\/realisation\/\" target=\"_blank\" rel=\"noopener\"><img loading=\"lazy\" decoding=\"async\" width=\"600\" height=\"338\" src=\"https:\/\/www.patso.fr\/wp-content\/uploads\/2021\/12\/plSC10_039.jpg\" alt=\"\" class=\"wp-image-163\" srcset=\"https:\/\/www.patso.fr\/wp-content\/uploads\/2021\/12\/plSC10_039.jpg 600w, https:\/\/www.patso.fr\/wp-content\/uploads\/2021\/12\/plSC10_039-300x169.jpg 300w, https:\/\/www.patso.fr\/wp-content\/uploads\/2021\/12\/plSC10_039-18x10.jpg 18w\" sizes=\"auto, (max-width: 600px) 100vw, 600px\" \/><\/a><\/figure>\n<\/div>\n\n\n\n<div class=\"wp-block-column is-layout-flow wp-block-column-is-layout-flow\" style=\"flex-basis:66.66%\">\n<p><strong>Scared<\/strong><br>2011<br><mark style=\"background-color:rgba(0, 0, 0, 0)\" class=\"has-inline-color has-ast-global-color-5-color\">animator ( puppets )<\/mark><br>director: Patricia Sourdes<br>producer : La Fabrique<\/p>\n\n\n\n<p><\/p>\n\n\n\n<p><br><\/p>\n<\/div>\n<\/div>","protected":false},"excerpt":{"rendered":"<p>Une caillou dans la chaussure 2019\/2020animatrice ( marionnettes )r\u00e9alisateur: Eric Montchaudproducteur : Xbo Films La boite2018animatrice ( papier d\u00e9coup\u00e9 )r\u00e9alisatrice: Marie Pierre Hauwelleproducteur : Xbo Films Bolero Paprika2016animatrice ( marionnettes et sable )r\u00e9alisateur: Marc M\u00e9nagerproducteur : Xbo Films Iahmes et la grande d\u00e9voreuse2015animatrice ( papier d\u00e9coup\u00e9 )r\u00e9alisatrices : Claire Sichez, Marine Rivoalproducteurs : Xbo Films [&hellip;]<\/p>\n","protected":false},"author":1,"featured_media":0,"parent":0,"menu_order":0,"comment_status":"closed","ping_status":"closed","template":"","meta":{"_monsterinsights_skip_tracking":false,"_monsterinsights_sitenote_active":false,"_monsterinsights_sitenote_note":"","_monsterinsights_sitenote_category":0,"site-sidebar-layout":"default","site-content-layout":"","ast-site-content-layout":"default","site-content-style":"default","site-sidebar-style":"default","ast-global-header-display":"","ast-banner-title-visibility":"","ast-main-header-display":"","ast-hfb-above-header-display":"","ast-hfb-below-header-display":"","ast-hfb-mobile-header-display":"","site-post-title":"","ast-breadcrumbs-content":"","ast-featured-img":"","footer-sml-layout":"","ast-disable-related-posts":"","theme-transparent-header-meta":"","adv-header-id-meta":"","stick-header-meta":"","header-above-stick-meta":"","header-main-stick-meta":"","header-below-stick-meta":"","astra-migrate-meta-layouts":"set","ast-page-background-enabled":"default","ast-page-background-meta":{"desktop":{"background-color":"var(--ast-global-color-4)","background-image":"","background-repeat":"repeat","background-position":"center center","background-size":"auto","background-attachment":"scroll","background-type":"","background-media":"","overlay-type":"","overlay-color":"","overlay-opacity":"","overlay-gradient":""},"tablet":{"background-color":"","background-image":"","background-repeat":"repeat","background-position":"center center","background-size":"auto","background-attachment":"scroll","background-type":"","background-media":"","overlay-type":"","overlay-color":"","overlay-opacity":"","overlay-gradient":""},"mobile":{"background-color":"","background-image":"","background-repeat":"repeat","background-position":"center center","background-size":"auto","background-attachment":"scroll","background-type":"","background-media":"","overlay-type":"","overlay-color":"","overlay-opacity":"","overlay-gradient":""}},"ast-content-background-meta":{"desktop":{"background-color":"var(--ast-global-color-5)","background-image":"","background-repeat":"repeat","background-position":"center center","background-size":"auto","background-attachment":"scroll","background-type":"","background-media":"","overlay-type":"","overlay-color":"","overlay-opacity":"","overlay-gradient":""},"tablet":{"background-color":"var(--ast-global-color-5)","background-image":"","background-repeat":"repeat","background-position":"center center","background-size":"auto","background-attachment":"scroll","background-type":"","background-media":"","overlay-type":"","overlay-color":"","overlay-opacity":"","overlay-gradient":""},"mobile":{"background-color":"var(--ast-global-color-5)","background-image":"","background-repeat":"repeat","background-position":"center center","background-size":"auto","background-attachment":"scroll","background-type":"","background-media":"","overlay-type":"","overlay-color":"","overlay-opacity":"","overlay-gradient":""}},"footnotes":""},"class_list":["post-196","page","type-page","status-publish","hentry"],"aioseo_notices":[],"_links":{"self":[{"href":"http:\/\/www.patso.fr\/en\/wp-json\/wp\/v2\/pages\/196","targetHints":{"allow":["GET"]}}],"collection":[{"href":"http:\/\/www.patso.fr\/en\/wp-json\/wp\/v2\/pages"}],"about":[{"href":"http:\/\/www.patso.fr\/en\/wp-json\/wp\/v2\/types\/page"}],"author":[{"embeddable":true,"href":"http:\/\/www.patso.fr\/en\/wp-json\/wp\/v2\/users\/1"}],"replies":[{"embeddable":true,"href":"http:\/\/www.patso.fr\/en\/wp-json\/wp\/v2\/comments?post=196"}],"version-history":[{"count":24,"href":"http:\/\/www.patso.fr\/en\/wp-json\/wp\/v2\/pages\/196\/revisions"}],"predecessor-version":[{"id":586,"href":"http:\/\/www.patso.fr\/en\/wp-json\/wp\/v2\/pages\/196\/revisions\/586"}],"wp:attachment":[{"href":"http:\/\/www.patso.fr\/en\/wp-json\/wp\/v2\/media?parent=196"}],"curies":[{"name":"wp","href":"https:\/\/api.w.org\/{rel}","templated":true}]}}