{"id":239,"date":"2021-12-27T18:37:59","date_gmt":"2021-12-27T17:37:59","guid":{"rendered":"https:\/\/www.patso.fr\/?page_id=239"},"modified":"2025-11-12T13:04:13","modified_gmt":"2025-11-12T12:04:13","slug":"autres","status":"publish","type":"page","link":"https:\/\/www.patso.fr\/en\/autres\/","title":{"rendered":"Other"},"content":{"rendered":"<div class=\"wp-block-columns is-layout-flex wp-container-core-columns-is-layout-28f84493 wp-block-columns-is-layout-flex\">\n<div class=\"wp-block-column is-layout-flow wp-block-column-is-layout-flow\"><\/div>\n\n\n\n<div class=\"wp-block-column is-layout-flow wp-block-column-is-layout-flow\"><\/div>\n<\/div>\n\n\n\n<div class=\"wp-block-columns is-layout-flex wp-container-core-columns-is-layout-28f84493 wp-block-columns-is-layout-flex\">\n<div class=\"wp-block-column is-layout-flow wp-block-column-is-layout-flow\" style=\"flex-basis:66.66%\">\n<p><\/p>\n<\/div>\n<\/div>\n\n\n\n<div class=\"wp-block-columns is-layout-flex wp-container-core-columns-is-layout-28f84493 wp-block-columns-is-layout-flex\">\n<div class=\"wp-block-column is-layout-flow wp-block-column-is-layout-flow\" style=\"flex-basis:33.33%\">\n<figure class=\"wp-block-image size-large\"><a href=\"https:\/\/www.lamenagerie.com\/residence\/\"><img loading=\"lazy\" decoding=\"async\" width=\"1024\" height=\"639\" src=\"https:\/\/www.patso.fr\/wp-content\/uploads\/2024\/09\/residence-2-1024x639.jpg\" alt=\"\" class=\"wp-image-538\" srcset=\"https:\/\/www.patso.fr\/wp-content\/uploads\/2024\/09\/residence-2-1024x639.jpg 1024w, https:\/\/www.patso.fr\/wp-content\/uploads\/2024\/09\/residence-2-300x187.jpg 300w, https:\/\/www.patso.fr\/wp-content\/uploads\/2024\/09\/residence-2-768x479.jpg 768w, https:\/\/www.patso.fr\/wp-content\/uploads\/2024\/09\/residence-2-1536x958.jpg 1536w, https:\/\/www.patso.fr\/wp-content\/uploads\/2024\/09\/residence-2-2048x1278.jpg 2048w, https:\/\/www.patso.fr\/wp-content\/uploads\/2024\/09\/residence-2-18x12.jpg 18w\" sizes=\"auto, (max-width: 1024px) 100vw, 1024px\" \/><\/a><\/figure>\n<\/div>\n\n\n\n<div class=\"wp-block-column is-layout-flow wp-block-column-is-layout-flow\" style=\"flex-basis:66.66%\">\n<p><strong>participation in the creation and organization of the  Menagerie<\/strong> <strong>stop motion residency<\/strong><br>2023 - today  <\/p>\n\n\n\n<p>Objectives : <strong>Guide<\/strong> a director or graphic author with the aim of developing the writing of their project and determining the best form before considering the production stage \/ <strong>Encourage <\/strong>innovative and ecological ideas, and seek technical solutions to the challenges posed by an animation project.<br><br><\/p>\n<\/div>\n<\/div>\n\n\n\n<div class=\"wp-block-columns is-layout-flex wp-container-core-columns-is-layout-28f84493 wp-block-columns-is-layout-flex\">\n<div class=\"wp-block-column is-layout-flow wp-block-column-is-layout-flow\" style=\"flex-basis:33.33%\">\n<figure class=\"wp-block-image alignwide size-full\"><img loading=\"lazy\" decoding=\"async\" width=\"202\" height=\"114\" src=\"https:\/\/www.patso.fr\/wp-content\/uploads\/2023\/09\/vieux-fourneaux-edited.jpg\" alt=\"\" class=\"wp-image-490\" srcset=\"https:\/\/www.patso.fr\/wp-content\/uploads\/2023\/09\/vieux-fourneaux-edited.jpg 202w, https:\/\/www.patso.fr\/wp-content\/uploads\/2023\/09\/vieux-fourneaux-edited-18x10.jpg 18w\" sizes=\"auto, (max-width: 202px) 100vw, 202px\" \/><\/figure>\n<\/div>\n\n\n\n<div class=\"wp-block-column is-layout-flow wp-block-column-is-layout-flow\" style=\"flex-basis:66.66%\">\n<p><strong>Les vieux fourneaux<\/strong><br>2 minutes of animation in a feature film<br>2018<br><mark style=\"background-color:rgba(0, 0, 0, 0)\" class=\"has-inline-color has-ast-global-color-5-color\">animator ( puppets ) puppet creation and fabrication<\/mark><br>director : Christophe Duthuron<br>producer: Radar Film<\/p>\n\n\n\n<p><\/p>\n<\/div>\n<\/div>\n\n\n\n<div class=\"wp-block-columns is-layout-flex wp-container-core-columns-is-layout-28f84493 wp-block-columns-is-layout-flex\">\n<div class=\"wp-block-column is-layout-flow wp-block-column-is-layout-flow\" style=\"flex-basis:33.33%\">\n<figure class=\"wp-block-image size-large\"><img loading=\"lazy\" decoding=\"async\" width=\"1024\" height=\"578\" src=\"https:\/\/www.patso.fr\/wp-content\/uploads\/2021\/12\/transavia-1024x578.png\" alt=\"\" class=\"wp-image-153\" srcset=\"https:\/\/www.patso.fr\/wp-content\/uploads\/2021\/12\/transavia-1024x578.png 1024w, https:\/\/www.patso.fr\/wp-content\/uploads\/2021\/12\/transavia-300x169.png 300w, https:\/\/www.patso.fr\/wp-content\/uploads\/2021\/12\/transavia-768x434.png 768w, https:\/\/www.patso.fr\/wp-content\/uploads\/2021\/12\/transavia-18x10.png 18w, https:\/\/www.patso.fr\/wp-content\/uploads\/2021\/12\/transavia.png 1279w\" sizes=\"auto, (max-width: 1024px) 100vw, 1024px\" \/><\/figure>\n<\/div>\n\n\n\n<div class=\"wp-block-column is-layout-flow wp-block-column-is-layout-flow\" style=\"flex-basis:66.66%\">\n<p><strong>Transavia ( internet ad )<\/strong><br>2014<br><mark style=\"background-color:rgba(0, 0, 0, 0)\" class=\"has-inline-color has-ast-global-color-5-color\">animator ( objects )<\/mark><br>director: Victor Haegelin<br>producer : Partizan<\/p>\n\n\n\n<p><\/p>\n<\/div>\n<\/div>\n\n\n\n<div class=\"wp-block-columns is-layout-flex wp-container-core-columns-is-layout-28f84493 wp-block-columns-is-layout-flex\">\n<div class=\"wp-block-column is-layout-flow wp-block-column-is-layout-flow\" style=\"flex-basis:33.33%\">\n<figure class=\"wp-block-image size-full\"><img loading=\"lazy\" decoding=\"async\" width=\"699\" height=\"395\" src=\"https:\/\/www.patso.fr\/wp-content\/uploads\/2021\/12\/solve\u0301o.png\" alt=\"\" class=\"wp-image-151\" srcset=\"https:\/\/www.patso.fr\/wp-content\/uploads\/2021\/12\/solve\u0301o.png 699w, https:\/\/www.patso.fr\/wp-content\/uploads\/2021\/12\/solve\u0301o-300x170.png 300w, https:\/\/www.patso.fr\/wp-content\/uploads\/2021\/12\/solve\u0301o-18x10.png 18w\" sizes=\"auto, (max-width: 699px) 100vw, 699px\" \/><\/figure>\n<\/div>\n\n\n\n<div class=\"wp-block-column is-layout-flow wp-block-column-is-layout-flow\" style=\"flex-basis:66.66%\">\n<p><strong>Solveo<\/strong><br>2012<br><mark style=\"background-color:rgba(0, 0, 0, 0)\" class=\"has-inline-color has-ast-global-color-5-color\">animator ( paper elements ), director assistant<\/mark><br>director: Alban Taravello<br>producer : W2P<\/p>\n\n\n\n<p><\/p>\n<\/div>\n<\/div>\n\n\n\n<div class=\"wp-block-columns is-layout-flex wp-container-core-columns-is-layout-28f84493 wp-block-columns-is-layout-flex\">\n<div class=\"wp-block-column is-layout-flow wp-block-column-is-layout-flow\" style=\"flex-basis:33.33%\">\n<figure class=\"wp-block-image size-full\"><img loading=\"lazy\" decoding=\"async\" width=\"320\" height=\"180\" src=\"https:\/\/www.patso.fr\/wp-content\/uploads\/2021\/12\/kitkat.jpg\" alt=\"\" class=\"wp-image-246\" srcset=\"https:\/\/www.patso.fr\/wp-content\/uploads\/2021\/12\/kitkat.jpg 320w, https:\/\/www.patso.fr\/wp-content\/uploads\/2021\/12\/kitkat-300x169.jpg 300w, https:\/\/www.patso.fr\/wp-content\/uploads\/2021\/12\/kitkat-18x10.jpg 18w\" sizes=\"auto, (max-width: 320px) 100vw, 320px\" \/><\/figure>\n<\/div>\n\n\n\n<div class=\"wp-block-column is-layout-flow wp-block-column-is-layout-flow\" style=\"flex-basis:66.66%\">\n<p><strong>Kit Kat ( commercial )<\/strong><br>2010<mark style=\"background-color:rgba(0, 0, 0, 0)\" class=\"has-inline-color has-ast-global-color-5-color\"><br>animator ( puppets )<\/mark><br>director: Victor Haegelin<br>producer : Partizan<\/p>\n\n\n\n<p><\/p>\n<\/div>\n<\/div>\n\n\n\n<div class=\"wp-block-columns is-layout-flex wp-container-core-columns-is-layout-28f84493 wp-block-columns-is-layout-flex\">\n<div class=\"wp-block-column is-layout-flow wp-block-column-is-layout-flow\" style=\"flex-basis:33.33%\">\n<figure class=\"wp-block-image size-full\"><img loading=\"lazy\" decoding=\"async\" width=\"695\" height=\"392\" src=\"https:\/\/www.patso.fr\/wp-content\/uploads\/2021\/12\/mr-recycle.png\" alt=\"\" class=\"wp-image-149\" srcset=\"https:\/\/www.patso.fr\/wp-content\/uploads\/2021\/12\/mr-recycle.png 695w, https:\/\/www.patso.fr\/wp-content\/uploads\/2021\/12\/mr-recycle-300x169.png 300w, https:\/\/www.patso.fr\/wp-content\/uploads\/2021\/12\/mr-recycle-18x10.png 18w\" sizes=\"auto, (max-width: 695px) 100vw, 695px\" \/><\/figure>\n<\/div>\n\n\n\n<div class=\"wp-block-column is-layout-flow wp-block-column-is-layout-flow\" style=\"flex-basis:66.66%\">\n<p><strong>Mister Recycle ( commercial )<\/strong><br>2010<br><mark style=\"background-color:rgba(0, 0, 0, 0)\" class=\"has-inline-color has-ast-global-color-5-color\">animator ( objects and  pixilation )<\/mark><br>director: Victor Haegelin<br>producer : Partizan<\/p>\n\n\n\n<p><\/p>\n<\/div>\n<\/div>\n\n\n\n<div class=\"wp-block-columns is-layout-flex wp-container-core-columns-is-layout-28f84493 wp-block-columns-is-layout-flex\">\n<div class=\"wp-block-column is-layout-flow wp-block-column-is-layout-flow\"><\/div>\n\n\n\n<div class=\"wp-block-column is-layout-flow wp-block-column-is-layout-flow\"><\/div>\n<\/div>\n\n\n\n<p><\/p>","protected":false},"excerpt":{"rendered":"<p>participation \u00e0 la cr\u00e9ation et organisation de la r\u00e9sidence stop motion de la M\u00e9nagerie2023 &#8211; aujourd&rsquo;hui Objectifs : Accompagner un\u00b7e r\u00e9alisateur\u00b7rice ou auteur\u00b7e graphique dans le but de faire \u00e9voluer l\u2019\u00e9criture de son projet et d\u2019en d\u00e9terminer la meilleure forme avant d\u2019envisager l\u2019\u00e9tape de production \/ Encourager les id\u00e9es innovantes et \u00e9cologiques, et chercher des [&hellip;]<\/p>\n","protected":false},"author":1,"featured_media":0,"parent":0,"menu_order":0,"comment_status":"closed","ping_status":"closed","template":"","meta":{"_monsterinsights_skip_tracking":false,"_monsterinsights_sitenote_active":false,"_monsterinsights_sitenote_note":"","_monsterinsights_sitenote_category":0,"site-sidebar-layout":"default","site-content-layout":"","ast-site-content-layout":"default","site-content-style":"default","site-sidebar-style":"default","ast-global-header-display":"","ast-banner-title-visibility":"","ast-main-header-display":"","ast-hfb-above-header-display":"","ast-hfb-below-header-display":"","ast-hfb-mobile-header-display":"","site-post-title":"","ast-breadcrumbs-content":"","ast-featured-img":"","footer-sml-layout":"","ast-disable-related-posts":"","theme-transparent-header-meta":"","adv-header-id-meta":"","stick-header-meta":"","header-above-stick-meta":"","header-main-stick-meta":"","header-below-stick-meta":"","astra-migrate-meta-layouts":"set","ast-page-background-enabled":"default","ast-page-background-meta":{"desktop":{"background-color":"var(--ast-global-color-4)","background-image":"","background-repeat":"repeat","background-position":"center center","background-size":"auto","background-attachment":"scroll","background-type":"","background-media":"","overlay-type":"","overlay-color":"","overlay-opacity":"","overlay-gradient":""},"tablet":{"background-color":"","background-image":"","background-repeat":"repeat","background-position":"center center","background-size":"auto","background-attachment":"scroll","background-type":"","background-media":"","overlay-type":"","overlay-color":"","overlay-opacity":"","overlay-gradient":""},"mobile":{"background-color":"","background-image":"","background-repeat":"repeat","background-position":"center center","background-size":"auto","background-attachment":"scroll","background-type":"","background-media":"","overlay-type":"","overlay-color":"","overlay-opacity":"","overlay-gradient":""}},"ast-content-background-meta":{"desktop":{"background-color":"var(--ast-global-color-5)","background-image":"","background-repeat":"repeat","background-position":"center center","background-size":"auto","background-attachment":"scroll","background-type":"","background-media":"","overlay-type":"","overlay-color":"","overlay-opacity":"","overlay-gradient":""},"tablet":{"background-color":"var(--ast-global-color-5)","background-image":"","background-repeat":"repeat","background-position":"center center","background-size":"auto","background-attachment":"scroll","background-type":"","background-media":"","overlay-type":"","overlay-color":"","overlay-opacity":"","overlay-gradient":""},"mobile":{"background-color":"var(--ast-global-color-5)","background-image":"","background-repeat":"repeat","background-position":"center center","background-size":"auto","background-attachment":"scroll","background-type":"","background-media":"","overlay-type":"","overlay-color":"","overlay-opacity":"","overlay-gradient":""}},"footnotes":""},"class_list":["post-239","page","type-page","status-publish","hentry"],"aioseo_notices":[],"_links":{"self":[{"href":"https:\/\/www.patso.fr\/en\/wp-json\/wp\/v2\/pages\/239","targetHints":{"allow":["GET"]}}],"collection":[{"href":"https:\/\/www.patso.fr\/en\/wp-json\/wp\/v2\/pages"}],"about":[{"href":"https:\/\/www.patso.fr\/en\/wp-json\/wp\/v2\/types\/page"}],"author":[{"embeddable":true,"href":"https:\/\/www.patso.fr\/en\/wp-json\/wp\/v2\/users\/1"}],"replies":[{"embeddable":true,"href":"https:\/\/www.patso.fr\/en\/wp-json\/wp\/v2\/comments?post=239"}],"version-history":[{"count":22,"href":"https:\/\/www.patso.fr\/en\/wp-json\/wp\/v2\/pages\/239\/revisions"}],"predecessor-version":[{"id":579,"href":"https:\/\/www.patso.fr\/en\/wp-json\/wp\/v2\/pages\/239\/revisions\/579"}],"wp:attachment":[{"href":"https:\/\/www.patso.fr\/en\/wp-json\/wp\/v2\/media?parent=239"}],"curies":[{"name":"wp","href":"https:\/\/api.w.org\/{rel}","templated":true}]}}