{"id":210,"date":"2021-12-25T18:24:46","date_gmt":"2021-12-25T17:24:46","guid":{"rendered":"https:\/\/www.patso.fr\/?page_id=210"},"modified":"2025-11-12T13:08:17","modified_gmt":"2025-11-12T12:08:17","slug":"series","status":"publish","type":"page","link":"https:\/\/www.patso.fr\/fr\/series\/","title":{"rendered":"S\u00e9ries et sp\u00e9ciaux TV"},"content":{"rendered":"\n<div class=\"wp-block-columns is-layout-flex wp-container-core-columns-is-layout-28f84493 wp-block-columns-is-layout-flex\">\n<div class=\"wp-block-column is-layout-flow wp-block-column-is-layout-flow\" style=\"flex-basis:100%\"><\/div>\n<\/div>\n\n\n\n<div class=\"wp-block-columns is-layout-flex wp-container-core-columns-is-layout-28f84493 wp-block-columns-is-layout-flex\">\n<div class=\"wp-block-column is-layout-flow wp-block-column-is-layout-flow\">\n<div class=\"wp-block-columns is-layout-flex wp-container-core-columns-is-layout-28f84493 wp-block-columns-is-layout-flex\">\n<div class=\"wp-block-column is-layout-flow wp-block-column-is-layout-flow\" style=\"flex-basis:66.66%\">\n<div class=\"wp-block-columns is-layout-flex wp-container-core-columns-is-layout-28f84493 wp-block-columns-is-layout-flex\"><\/div>\n<\/div>\n\n\n\n<div class=\"wp-block-column is-layout-flow wp-block-column-is-layout-flow\"><\/div>\n\n\n\n<div class=\"wp-block-column is-layout-flow wp-block-column-is-layout-flow\" style=\"flex-basis:33.33%\"><\/div>\n<\/div>\n<\/div>\n<\/div>\n\n\n\n<div class=\"wp-block-columns is-layout-flex wp-container-core-columns-is-layout-28f84493 wp-block-columns-is-layout-flex\">\n<div class=\"wp-block-column is-layout-flow wp-block-column-is-layout-flow\" style=\"flex-basis:33.33%\">\n<figure class=\"wp-block-image size-full\"><img loading=\"lazy\" decoding=\"async\" width=\"2560\" height=\"1438\" src=\"https:\/\/www.patso.fr\/wp-content\/uploads\/2025\/11\/happycratie.png\" alt=\"\" class=\"wp-image-581\" srcset=\"https:\/\/www.patso.fr\/wp-content\/uploads\/2025\/11\/happycratie.png 2560w, https:\/\/www.patso.fr\/wp-content\/uploads\/2025\/11\/happycratie-300x169.png 300w, https:\/\/www.patso.fr\/wp-content\/uploads\/2025\/11\/happycratie-1024x575.png 1024w, https:\/\/www.patso.fr\/wp-content\/uploads\/2025\/11\/happycratie-768x431.png 768w, https:\/\/www.patso.fr\/wp-content\/uploads\/2025\/11\/happycratie-1536x863.png 1536w, https:\/\/www.patso.fr\/wp-content\/uploads\/2025\/11\/happycratie-2048x1150.png 2048w, https:\/\/www.patso.fr\/wp-content\/uploads\/2025\/11\/happycratie-18x10.png 18w\" sizes=\"auto, (max-width: 2560px) 100vw, 2560px\" \/><\/figure>\n<\/div>\n\n\n\n<div class=\"wp-block-column is-layout-flow wp-block-column-is-layout-flow\" style=\"flex-basis:66.66%\">\n<p class=\"has-text-align-left\"><strong>Bienvenue en Happycratie ( pilote de s\u00e9rie tv)<\/strong><br>2024<br><mark style=\"background-color:rgba(0, 0, 0, 0)\" class=\"has-inline-color has-ast-global-color-5-color\">assistante r\u00e9alisatrice, animatrice ( marionnettes )<\/mark><br>r\u00e9alisatrice : Laur\u00e8ne Fernandez\u00a0<br>producteurs : Man\u00e9gann Films &amp; XBO Films<\/p>\n\n\n\n<p><\/p>\n<\/div>\n<\/div>\n\n\n\n<div class=\"wp-block-columns is-layout-flex wp-container-core-columns-is-layout-28f84493 wp-block-columns-is-layout-flex\">\n<div class=\"wp-block-column is-layout-flow wp-block-column-is-layout-flow\" style=\"flex-basis:33.33%\">\n<figure class=\"wp-block-image size-full\"><img loading=\"lazy\" decoding=\"async\" width=\"798\" height=\"432\" src=\"https:\/\/www.patso.fr\/wp-content\/uploads\/2024\/09\/lolaetlepianoabruits_05.jpg\" alt=\"\" class=\"wp-image-529\" srcset=\"https:\/\/www.patso.fr\/wp-content\/uploads\/2024\/09\/lolaetlepianoabruits_05.jpg 798w, https:\/\/www.patso.fr\/wp-content\/uploads\/2024\/09\/lolaetlepianoabruits_05-300x162.jpg 300w, https:\/\/www.patso.fr\/wp-content\/uploads\/2024\/09\/lolaetlepianoabruits_05-768x416.jpg 768w, https:\/\/www.patso.fr\/wp-content\/uploads\/2024\/09\/lolaetlepianoabruits_05-18x10.jpg 18w\" sizes=\"auto, (max-width: 798px) 100vw, 798px\" \/><\/figure>\n<\/div>\n\n\n\n<div class=\"wp-block-column is-layout-flow wp-block-column-is-layout-flow\" style=\"flex-basis:66.66%\">\n<p class=\"has-text-align-left\"><strong>Lola et le piano \u00e0 bruits ( sp\u00e9cial TV )<\/strong><br>2024<br><mark style=\"background-color:rgba(0, 0, 0, 0)\" class=\"has-inline-color has-ast-global-color-5-color\">animatrice ( marionnettes )<\/mark><br>r\u00e9alisateur : <a href=\"https:\/\/www.folimage.fr\/fr\/films\/?realisateur=210&amp;valide=1\">Augusto Zanovello<\/a><br>producteurs : Komadoli Studio, Folimage, Momakin, Nadasdy Film<\/p>\n\n\n\n<p><\/p>\n<\/div>\n<\/div>\n\n\n\n<div class=\"wp-block-columns is-layout-flex wp-container-core-columns-is-layout-28f84493 wp-block-columns-is-layout-flex\">\n<div class=\"wp-block-column is-layout-flow wp-block-column-is-layout-flow\" style=\"flex-basis:33.33%\">\n<figure class=\"wp-block-image size-full\"><a href=\"https:\/\/xbofilms.com\/contes-doc\/\" target=\"_blank\" rel=\"noopener\"><img loading=\"lazy\" decoding=\"async\" width=\"1920\" height=\"1080\" src=\"https:\/\/www.patso.fr\/wp-content\/uploads\/2024\/09\/Contesdoc2\u00a9Xbofilms-1.jpg\" alt=\"\" class=\"wp-image-521\" srcset=\"https:\/\/www.patso.fr\/wp-content\/uploads\/2024\/09\/Contesdoc2\u00a9Xbofilms-1.jpg 1920w, https:\/\/www.patso.fr\/wp-content\/uploads\/2024\/09\/Contesdoc2\u00a9Xbofilms-1-300x169.jpg 300w, https:\/\/www.patso.fr\/wp-content\/uploads\/2024\/09\/Contesdoc2\u00a9Xbofilms-1-1024x576.jpg 1024w, https:\/\/www.patso.fr\/wp-content\/uploads\/2024\/09\/Contesdoc2\u00a9Xbofilms-1-768x432.jpg 768w, https:\/\/www.patso.fr\/wp-content\/uploads\/2024\/09\/Contesdoc2\u00a9Xbofilms-1-1536x864.jpg 1536w, https:\/\/www.patso.fr\/wp-content\/uploads\/2024\/09\/Contesdoc2\u00a9Xbofilms-1-18x10.jpg 18w\" sizes=\"auto, (max-width: 1920px) 100vw, 1920px\" \/><\/a><\/figure>\n<\/div>\n\n\n\n<div class=\"wp-block-column is-layout-flow wp-block-column-is-layout-flow\" style=\"flex-basis:66.66%\">\n<p class=\"has-text-align-left\"><strong>Contes d&rsquo;0c ( 10&#215;3&rsquo;30 min  )<\/strong><br>2024<br><mark style=\"background-color:rgba(0, 0, 0, 0)\" class=\"has-inline-color has-ast-global-color-5-color\">animatrice ( papier d\u00e9coup\u00e9 )<\/mark><br>r\u00e9alisatrice: Nikita Fraysse<br>producteur : Xbo Films<\/p>\n\n\n\n<p><\/p>\n<\/div>\n<\/div>\n\n\n\n<div class=\"wp-block-columns is-layout-flex wp-container-core-columns-is-layout-28f84493 wp-block-columns-is-layout-flex\">\n<div class=\"wp-block-column is-layout-flow wp-block-column-is-layout-flow\" style=\"flex-basis:33.33%\">\n<figure class=\"wp-block-image size-full\"><a href=\"https:\/\/www.foliascope.fr\/film\/ordures\/\" target=\"_blank\" rel=\"noopener\"><img loading=\"lazy\" decoding=\"async\" width=\"1617\" height=\"944\" src=\"https:\/\/www.patso.fr\/wp-content\/uploads\/2024\/09\/ORDURES_4-1-scaled-2.jpg\" alt=\"\" class=\"wp-image-516\" srcset=\"https:\/\/www.patso.fr\/wp-content\/uploads\/2024\/09\/ORDURES_4-1-scaled-2.jpg 1617w, https:\/\/www.patso.fr\/wp-content\/uploads\/2024\/09\/ORDURES_4-1-scaled-2-300x175.jpg 300w, https:\/\/www.patso.fr\/wp-content\/uploads\/2024\/09\/ORDURES_4-1-scaled-2-1024x598.jpg 1024w, https:\/\/www.patso.fr\/wp-content\/uploads\/2024\/09\/ORDURES_4-1-scaled-2-768x448.jpg 768w, https:\/\/www.patso.fr\/wp-content\/uploads\/2024\/09\/ORDURES_4-1-scaled-2-1536x897.jpg 1536w, https:\/\/www.patso.fr\/wp-content\/uploads\/2024\/09\/ORDURES_4-1-scaled-2-18x12.jpg 18w\" sizes=\"auto, (max-width: 1617px) 100vw, 1617px\" \/><\/a><\/figure>\n<\/div>\n\n\n\n<div class=\"wp-block-column is-layout-flow wp-block-column-is-layout-flow\" style=\"flex-basis:66.66%\">\n<p class=\"has-text-align-left\"><strong>Ordures ( 3&#215;14 min  )<\/strong><br>2024<br><mark style=\"background-color:rgba(0, 0, 0, 0)\" class=\"has-inline-color has-ast-global-color-5-color\">animatrice ( expressions sur objets )<\/mark><br>r\u00e9alisateur: Benjamin Nuel<br>producteur : Foliascope<\/p>\n\n\n\n<p><\/p>\n<\/div>\n<\/div>\n\n\n\n<div class=\"wp-block-columns is-layout-flex wp-container-core-columns-is-layout-28f84493 wp-block-columns-is-layout-flex\">\n<div class=\"wp-block-column is-layout-flow wp-block-column-is-layout-flow\" style=\"flex-basis:33.33%\">\n<figure class=\"wp-block-image size-full\"><a href=\"https:\/\/xbofilms.com\/kiwi-saisons-1-2-3\/\" target=\"_blank\" rel=\"noopener\"><img loading=\"lazy\" decoding=\"async\" width=\"885\" height=\"500\" src=\"https:\/\/www.patso.fr\/wp-content\/uploads\/2021\/12\/kiwi.jpg\" alt=\"\" class=\"wp-image-145\" srcset=\"https:\/\/www.patso.fr\/wp-content\/uploads\/2021\/12\/kiwi.jpg 885w, https:\/\/www.patso.fr\/wp-content\/uploads\/2021\/12\/kiwi-300x169.jpg 300w, https:\/\/www.patso.fr\/wp-content\/uploads\/2021\/12\/kiwi-768x434.jpg 768w, https:\/\/www.patso.fr\/wp-content\/uploads\/2021\/12\/kiwi-18x10.jpg 18w\" sizes=\"auto, (max-width: 885px) 100vw, 885px\" \/><\/a><\/figure>\n<\/div>\n\n\n\n<div class=\"wp-block-column is-layout-flow wp-block-column-is-layout-flow\" style=\"flex-basis:66.66%\">\n<p class=\"has-text-align-left\"><strong>Kiwi ( 3eme saison, 26&#215;5 min  )<\/strong><br>2018\/2019<br><mark style=\"background-color:rgba(0, 0, 0, 0)\" class=\"has-inline-color has-ast-global-color-5-color\">chef animatrice ( marionnettes )<\/mark><br>r\u00e9alisatrice: Isabelle Duval<br>producteurs : Xbo Films, Double metre animation<\/p>\n\n\n\n<p><\/p>\n<\/div>\n<\/div>\n\n\n\n<div class=\"wp-block-columns is-layout-flex wp-container-core-columns-is-layout-28f84493 wp-block-columns-is-layout-flex\">\n<div class=\"wp-block-column is-layout-flow wp-block-column-is-layout-flow\" style=\"flex-basis:33.33%\">\n<figure class=\"wp-block-image size-large\"><a href=\"https:\/\/www.allocine.fr\/series\/ficheserie_gen_cserie=19079.html\" target=\"_blank\" rel=\"noopener\"><img loading=\"lazy\" decoding=\"async\" width=\"1024\" height=\"575\" src=\"https:\/\/www.patso.fr\/wp-content\/uploads\/2021\/12\/objectivement-1024x575.png\" alt=\"\" class=\"wp-image-150\" srcset=\"https:\/\/www.patso.fr\/wp-content\/uploads\/2021\/12\/objectivement-1024x575.png 1024w, https:\/\/www.patso.fr\/wp-content\/uploads\/2021\/12\/objectivement-300x169.png 300w, https:\/\/www.patso.fr\/wp-content\/uploads\/2021\/12\/objectivement-768x431.png 768w, https:\/\/www.patso.fr\/wp-content\/uploads\/2021\/12\/objectivement-18x10.png 18w, https:\/\/www.patso.fr\/wp-content\/uploads\/2021\/12\/objectivement.png 1280w\" sizes=\"auto, (max-width: 1024px) 100vw, 1024px\" \/><\/a><\/figure>\n<\/div>\n\n\n\n<div class=\"wp-block-column is-layout-flow wp-block-column-is-layout-flow\" style=\"flex-basis:66.66%\">\n<p><strong>Objectivement ( 40x2min )<\/strong><br>2015<br><mark style=\"background-color:rgba(0, 0, 0, 0)\" class=\"has-inline-color has-ast-global-color-5-color\">animatrice ( objets )<\/mark><br>r\u00e9alisateurs : Gr\u00e9goire Sivan, Michael Fenneteaux<br>producteurs : Patafilm, Atlantique, Arte<\/p>\n\n\n\n<p><\/p>\n<\/div>\n<\/div>\n\n\n\n<div class=\"wp-block-columns is-layout-flex wp-container-core-columns-is-layout-28f84493 wp-block-columns-is-layout-flex\">\n<div class=\"wp-block-column is-layout-flow wp-block-column-is-layout-flow\" style=\"flex-basis:33.33%\">\n<figure class=\"wp-block-image size-large\"><a href=\"https:\/\/xbofilms.com\/kiwi-saisons-1-2-3\/\" target=\"_blank\" rel=\"noopener\"><img loading=\"lazy\" decoding=\"async\" width=\"1024\" height=\"578\" src=\"https:\/\/www.patso.fr\/wp-content\/uploads\/2021\/12\/kiwi-S02-1024x578.png\" alt=\"\" class=\"wp-image-143\" srcset=\"https:\/\/www.patso.fr\/wp-content\/uploads\/2021\/12\/kiwi-S02-1024x578.png 1024w, https:\/\/www.patso.fr\/wp-content\/uploads\/2021\/12\/kiwi-S02-300x169.png 300w, https:\/\/www.patso.fr\/wp-content\/uploads\/2021\/12\/kiwi-S02-768x434.png 768w, https:\/\/www.patso.fr\/wp-content\/uploads\/2021\/12\/kiwi-S02-18x10.png 18w, https:\/\/www.patso.fr\/wp-content\/uploads\/2021\/12\/kiwi-S02.png 1271w\" sizes=\"auto, (max-width: 1024px) 100vw, 1024px\" \/><\/a><\/figure>\n<\/div>\n\n\n\n<div class=\"wp-block-column is-layout-flow wp-block-column-is-layout-flow\" style=\"flex-basis:66.66%\">\n<p><strong><strong>Kiwi ( 2eme saison, 26&#215;5 min  )<\/strong><br><\/strong>2014\/2015<br><mark style=\"background-color:rgba(0, 0, 0, 0)\" class=\"has-inline-color has-ast-global-color-5-color\">animatrice ( marionnettes )<\/mark><br>r\u00e9alisatrice: Isabelle Duval<br>producteurs : Xbo Films, Double metre animation<\/p>\n\n\n\n<p><\/p>\n<\/div>\n<\/div>\n\n\n\n<div class=\"wp-block-columns is-layout-flex wp-container-core-columns-is-layout-28f84493 wp-block-columns-is-layout-flex\">\n<div class=\"wp-block-column is-layout-flow wp-block-column-is-layout-flow\"><\/div>\n\n\n\n<div class=\"wp-block-column is-layout-flow wp-block-column-is-layout-flow\"><\/div>\n<\/div>\n\n\n\n<div class=\"wp-block-columns is-layout-flex wp-container-core-columns-is-layout-28f84493 wp-block-columns-is-layout-flex\">\n<div class=\"wp-block-column is-layout-flow wp-block-column-is-layout-flow\" style=\"flex-basis:33.33%\">\n<figure class=\"wp-block-image size-large\"><a href=\"https:\/\/www.vivement-lundi.com\/vivement-lundi\/Dimitri.html\" target=\"_blank\" rel=\"noopener\"><img loading=\"lazy\" decoding=\"async\" width=\"1024\" height=\"576\" src=\"https:\/\/www.patso.fr\/wp-content\/uploads\/2021\/12\/dimitri-1024x576.jpg\" alt=\"\" class=\"wp-image-141\" srcset=\"https:\/\/www.patso.fr\/wp-content\/uploads\/2021\/12\/dimitri-1024x576.jpg 1024w, https:\/\/www.patso.fr\/wp-content\/uploads\/2021\/12\/dimitri-300x169.jpg 300w, https:\/\/www.patso.fr\/wp-content\/uploads\/2021\/12\/dimitri-768x432.jpg 768w, https:\/\/www.patso.fr\/wp-content\/uploads\/2021\/12\/dimitri-1536x864.jpg 1536w, https:\/\/www.patso.fr\/wp-content\/uploads\/2021\/12\/dimitri-18x10.jpg 18w, https:\/\/www.patso.fr\/wp-content\/uploads\/2021\/12\/dimitri.jpg 1920w\" sizes=\"auto, (max-width: 1024px) 100vw, 1024px\" \/><\/a><\/figure>\n<\/div>\n\n\n\n<div class=\"wp-block-column is-layout-flow wp-block-column-is-layout-flow\" style=\"flex-basis:66.66%\">\n<p><strong>Dimitri ( 26x5min )<\/strong><br>2013<br><mark style=\"background-color:rgba(0, 0, 0, 0)\" class=\"has-inline-color has-ast-global-color-5-color\">animatrice ( marionnettes)<\/mark><br>r\u00e9alisatrice : Agnes Lecreux<br>producteurs : Vivement Lundi, Beast animation<\/p>\n\n\n\n<p><\/p>\n<\/div>\n<\/div>\n\n\n\n<div class=\"wp-block-columns is-layout-flex wp-container-core-columns-is-layout-28f84493 wp-block-columns-is-layout-flex\">\n<div class=\"wp-block-column is-layout-flow wp-block-column-is-layout-flow\" style=\"flex-basis:33.33%\">\n<figure class=\"wp-block-image size-large\"><a href=\"https:\/\/xbofilms.com\/kiwi-saisons-1-2-3\/\" target=\"_blank\" rel=\"noopener\"><img loading=\"lazy\" decoding=\"async\" width=\"1024\" height=\"576\" src=\"https:\/\/www.patso.fr\/wp-content\/uploads\/2021\/12\/kiwi-serie-1024x576.jpg\" alt=\"\" class=\"wp-image-144\" srcset=\"https:\/\/www.patso.fr\/wp-content\/uploads\/2021\/12\/kiwi-serie-1024x576.jpg 1024w, https:\/\/www.patso.fr\/wp-content\/uploads\/2021\/12\/kiwi-serie-300x169.jpg 300w, https:\/\/www.patso.fr\/wp-content\/uploads\/2021\/12\/kiwi-serie-768x432.jpg 768w, https:\/\/www.patso.fr\/wp-content\/uploads\/2021\/12\/kiwi-serie-18x10.jpg 18w, https:\/\/www.patso.fr\/wp-content\/uploads\/2021\/12\/kiwi-serie.jpg 1280w\" sizes=\"auto, (max-width: 1024px) 100vw, 1024px\" \/><\/a><\/figure>\n<\/div>\n\n\n\n<div class=\"wp-block-column is-layout-flow wp-block-column-is-layout-flow\" style=\"flex-basis:66.66%\">\n<p><strong><strong><strong>Kiwi ( 1ere saison, 26&#215;5 min  )<\/strong><br><\/strong><\/strong>2013<br><mark style=\"background-color:rgba(0, 0, 0, 0)\" class=\"has-inline-color has-ast-global-color-5-color\">animatrice ( marionnettes )<\/mark><br>r\u00e9alisatrice: Isabelle Duval<br>producteurs : Xbo Films, Double metre animation<\/p>\n\n\n\n<p><\/p>\n<\/div>\n<\/div>\n\n\n\n<div class=\"wp-block-columns is-layout-flex wp-container-core-columns-is-layout-28f84493 wp-block-columns-is-layout-flex\">\n<div class=\"wp-block-column is-layout-flow wp-block-column-is-layout-flow\" style=\"flex-basis:33.33%\">\n<figure class=\"wp-block-image size-full\"><a href=\"https:\/\/xbofilms.com\/kiwi-saisons-1-2-3\/\" target=\"_blank\" rel=\"noopener\"><img loading=\"lazy\" decoding=\"async\" width=\"800\" height=\"450\" src=\"https:\/\/www.patso.fr\/wp-content\/uploads\/2021\/12\/kiwi-pilote.jpg\" alt=\"\" class=\"wp-image-211\" srcset=\"https:\/\/www.patso.fr\/wp-content\/uploads\/2021\/12\/kiwi-pilote.jpg 800w, https:\/\/www.patso.fr\/wp-content\/uploads\/2021\/12\/kiwi-pilote-300x169.jpg 300w, https:\/\/www.patso.fr\/wp-content\/uploads\/2021\/12\/kiwi-pilote-768x432.jpg 768w, https:\/\/www.patso.fr\/wp-content\/uploads\/2021\/12\/kiwi-pilote-18x10.jpg 18w\" sizes=\"auto, (max-width: 800px) 100vw, 800px\" \/><\/a><\/figure>\n<\/div>\n\n\n\n<div class=\"wp-block-column is-layout-flow wp-block-column-is-layout-flow\" style=\"flex-basis:66.66%\">\n<p><strong><strong><strong>Kiwi ( pilote, 5 min  )<\/strong><br><\/strong><\/strong>2012<br><mark style=\"background-color:rgba(0, 0, 0, 0)\" class=\"has-inline-color has-ast-global-color-5-color\">animatrice ( marionnettes )<\/mark><br>r\u00e9alisatrice: Isabelle Duval<br>producteurs : Xbo Films, Double m\u00e8tre animation <\/p>\n\n\n\n<p><\/p>\n<\/div>\n<\/div>\n\n\n\n<div class=\"wp-block-columns is-layout-flex wp-container-core-columns-is-layout-28f84493 wp-block-columns-is-layout-flex\">\n<div class=\"wp-block-column is-layout-flow wp-block-column-is-layout-flow\" style=\"flex-basis:33.33%\">\n<figure class=\"wp-block-image size-large\"><a href=\"https:\/\/www.folimage.fr\/fr\/films\/hopital-hilltop-80.htm\" target=\"_blank\" rel=\"noopener\"><img loading=\"lazy\" decoding=\"async\" width=\"1024\" height=\"576\" src=\"https:\/\/www.patso.fr\/wp-content\/uploads\/2021\/12\/hopital-hilltop-1024x576.jpg\" alt=\"\" class=\"wp-image-250\" srcset=\"https:\/\/www.patso.fr\/wp-content\/uploads\/2021\/12\/hopital-hilltop-1024x576.jpg 1024w, https:\/\/www.patso.fr\/wp-content\/uploads\/2021\/12\/hopital-hilltop-300x169.jpg 300w, https:\/\/www.patso.fr\/wp-content\/uploads\/2021\/12\/hopital-hilltop-768x432.jpg 768w, https:\/\/www.patso.fr\/wp-content\/uploads\/2021\/12\/hopital-hilltop-18x10.jpg 18w, https:\/\/www.patso.fr\/wp-content\/uploads\/2021\/12\/hopital-hilltop.jpg 1280w\" sizes=\"auto, (max-width: 1024px) 100vw, 1024px\" \/><\/a><\/figure>\n<\/div>\n\n\n\n<div class=\"wp-block-column is-layout-flow wp-block-column-is-layout-flow\" style=\"flex-basis:66.66%\">\n<p><strong><strong><strong>H\u00f4pital <\/strong>Hilltop<br><\/strong><\/strong>2000\/2004<br><mark style=\"background-color:rgba(0, 0, 0, 0)\" class=\"has-inline-color has-ast-global-color-5-color\">animatrice ( marionnettes )<br><\/mark>r\u00e9alisateur: Pascal Len\u00f4tre<br>producteur: Folimage<\/p>\n<\/div>\n<\/div>\n\n\n\n<div class=\"wp-block-columns is-layout-flex wp-container-core-columns-is-layout-28f84493 wp-block-columns-is-layout-flex\">\n<div class=\"wp-block-column is-layout-flow wp-block-column-is-layout-flow\"><\/div>\n\n\n\n<div class=\"wp-block-column is-layout-flow wp-block-column-is-layout-flow\"><\/div>\n<\/div>\n\n\n\n<div class=\"wp-block-columns is-layout-flex wp-container-core-columns-is-layout-28f84493 wp-block-columns-is-layout-flex\">\n<div class=\"wp-block-column is-layout-flow wp-block-column-is-layout-flow\"><\/div>\n\n\n\n<div class=\"wp-block-column is-layout-flow wp-block-column-is-layout-flow\"><\/div>\n<\/div>\n\n\n\n<div class=\"wp-block-columns is-layout-flex wp-container-core-columns-is-layout-28f84493 wp-block-columns-is-layout-flex\">\n<div class=\"wp-block-column is-layout-flow wp-block-column-is-layout-flow\"><\/div>\n<\/div>\n\n\n\n<div class=\"wp-block-columns is-layout-flex wp-container-core-columns-is-layout-28f84493 wp-block-columns-is-layout-flex\">\n<div class=\"wp-block-column is-layout-flow wp-block-column-is-layout-flow\"><\/div>\n<\/div>\n\n\n\n<div class=\"wp-block-columns is-layout-flex wp-container-core-columns-is-layout-28f84493 wp-block-columns-is-layout-flex\">\n<div class=\"wp-block-column is-layout-flow wp-block-column-is-layout-flow\"><\/div>\n\n\n\n<div class=\"wp-block-column is-layout-flow wp-block-column-is-layout-flow\"><\/div>\n<\/div>\n","protected":false},"excerpt":{"rendered":"<p>Bienvenue en Happycratie ( pilote de s\u00e9rie tv)2024assistante r\u00e9alisatrice, animatrice ( marionnettes )r\u00e9alisatrice : Laur\u00e8ne Fernandez\u00a0producteurs : Man\u00e9gann Films &amp; XBO Films Lola et le piano \u00e0 bruits ( sp\u00e9cial TV )2024animatrice ( marionnettes )r\u00e9alisateur : Augusto Zanovelloproducteurs : Komadoli Studio, Folimage, Momakin, Nadasdy Film Contes d&rsquo;0c ( 10&#215;3&rsquo;30 min )2024animatrice ( papier d\u00e9coup\u00e9 )r\u00e9alisatrice: [&hellip;]<\/p>\n","protected":false},"author":1,"featured_media":0,"parent":0,"menu_order":0,"comment_status":"closed","ping_status":"closed","template":"","meta":{"_monsterinsights_skip_tracking":false,"_monsterinsights_sitenote_active":false,"_monsterinsights_sitenote_note":"","_monsterinsights_sitenote_category":0,"site-sidebar-layout":"default","site-content-layout":"","ast-site-content-layout":"default","site-content-style":"default","site-sidebar-style":"default","ast-global-header-display":"","ast-banner-title-visibility":"","ast-main-header-display":"","ast-hfb-above-header-display":"","ast-hfb-below-header-display":"","ast-hfb-mobile-header-display":"","site-post-title":"","ast-breadcrumbs-content":"","ast-featured-img":"","footer-sml-layout":"","ast-disable-related-posts":"","theme-transparent-header-meta":"","adv-header-id-meta":"","stick-header-meta":"","header-above-stick-meta":"","header-main-stick-meta":"","header-below-stick-meta":"","astra-migrate-meta-layouts":"set","ast-page-background-enabled":"default","ast-page-background-meta":{"desktop":{"background-color":"var(--ast-global-color-4)","background-image":"","background-repeat":"repeat","background-position":"center center","background-size":"auto","background-attachment":"scroll","background-type":"","background-media":"","overlay-type":"","overlay-color":"","overlay-opacity":"","overlay-gradient":""},"tablet":{"background-color":"","background-image":"","background-repeat":"repeat","background-position":"center center","background-size":"auto","background-attachment":"scroll","background-type":"","background-media":"","overlay-type":"","overlay-color":"","overlay-opacity":"","overlay-gradient":""},"mobile":{"background-color":"","background-image":"","background-repeat":"repeat","background-position":"center center","background-size":"auto","background-attachment":"scroll","background-type":"","background-media":"","overlay-type":"","overlay-color":"","overlay-opacity":"","overlay-gradient":""}},"ast-content-background-meta":{"desktop":{"background-color":"var(--ast-global-color-5)","background-image":"","background-repeat":"repeat","background-position":"center center","background-size":"auto","background-attachment":"scroll","background-type":"","background-media":"","overlay-type":"","overlay-color":"","overlay-opacity":"","overlay-gradient":""},"tablet":{"background-color":"var(--ast-global-color-5)","background-image":"","background-repeat":"repeat","background-position":"center center","background-size":"auto","background-attachment":"scroll","background-type":"","background-media":"","overlay-type":"","overlay-color":"","overlay-opacity":"","overlay-gradient":""},"mobile":{"background-color":"var(--ast-global-color-5)","background-image":"","background-repeat":"repeat","background-position":"center center","background-size":"auto","background-attachment":"scroll","background-type":"","background-media":"","overlay-type":"","overlay-color":"","overlay-opacity":"","overlay-gradient":""}},"footnotes":""},"class_list":["post-210","page","type-page","status-publish","hentry"],"aioseo_notices":[],"_links":{"self":[{"href":"https:\/\/www.patso.fr\/fr\/wp-json\/wp\/v2\/pages\/210","targetHints":{"allow":["GET"]}}],"collection":[{"href":"https:\/\/www.patso.fr\/fr\/wp-json\/wp\/v2\/pages"}],"about":[{"href":"https:\/\/www.patso.fr\/fr\/wp-json\/wp\/v2\/types\/page"}],"author":[{"embeddable":true,"href":"https:\/\/www.patso.fr\/fr\/wp-json\/wp\/v2\/users\/1"}],"replies":[{"embeddable":true,"href":"https:\/\/www.patso.fr\/fr\/wp-json\/wp\/v2\/comments?post=210"}],"version-history":[{"count":22,"href":"https:\/\/www.patso.fr\/fr\/wp-json\/wp\/v2\/pages\/210\/revisions"}],"predecessor-version":[{"id":582,"href":"https:\/\/www.patso.fr\/fr\/wp-json\/wp\/v2\/pages\/210\/revisions\/582"}],"wp:attachment":[{"href":"https:\/\/www.patso.fr\/fr\/wp-json\/wp\/v2\/media?parent=210"}],"curies":[{"name":"wp","href":"https:\/\/api.w.org\/{rel}","templated":true}]}}